{"id":438,"date":"2020-02-20T10:07:05","date_gmt":"2020-02-20T10:07:05","guid":{"rendered":"http:\/\/dackdirekt.se\/?page_id=438"},"modified":"2026-03-14T14:12:26","modified_gmt":"2026-03-14T14:12:26","slug":"dack-direkt","status":"publish","type":"page","link":"https:\/\/dackdirekt.se\/","title":{"rendered":"D\u00e4ck Direkt"},"content":{"rendered":"\n<span class=\"scroll-to\" data-label=\"Scroll to: #hem\" data-bullet=\"true\" data-link=\"#hem\" data-title=\"Hem\"><a name=\"hem\"><\/a><\/span>\n\n\n  <div class=\"banner has-hover show-for-small\" id=\"banner-1779594774\">\n          <div class=\"banner-inner fill\">\n        <div class=\"banner-bg fill\" >\n            <div class=\"bg fill bg-fill \"><\/div>\n                                    \n                    <\/div><!-- bg-layers -->\n        <div class=\"banner-layers container\">\n            <div class=\"fill banner-link\"><\/div>            \n\n\n        <\/div><!-- .banner-layers -->\n      <\/div><!-- .banner-inner -->\n\n              <div class=\"height-fix is-invisible\"><img width=\"1020\" height=\"666\" src=\"https:\/\/dackdirekt.se\/wp-content\/uploads\/2020\/02\/room-34V7TVQQFsU-unsplash-1024x669-1.jpg\" class=\"attachment-large size-large\" alt=\"\" decoding=\"async\" loading=\"lazy\" srcset=\"https:\/\/dackdirekt.se\/wp-content\/uploads\/2020\/02\/room-34V7TVQQFsU-unsplash-1024x669-1.jpg 1024w, https:\/\/dackdirekt.se\/wp-content\/uploads\/2020\/02\/room-34V7TVQQFsU-unsplash-1024x669-1-510x333.jpg 510w, https:\/\/dackdirekt.se\/wp-content\/uploads\/2020\/02\/room-34V7TVQQFsU-unsplash-1024x669-1-612x400.jpg 612w, https:\/\/dackdirekt.se\/wp-content\/uploads\/2020\/02\/room-34V7TVQQFsU-unsplash-1024x669-1-768x502.jpg 768w, https:\/\/dackdirekt.se\/wp-content\/uploads\/2020\/02\/room-34V7TVQQFsU-unsplash-1024x669-1-600x392.jpg 600w\" sizes=\"(max-width: 1020px) 100vw, 1020px\" \/><\/div>\n            \n<style scope=\"scope\">\n\n#banner-1779594774 .bg.bg-loaded {\n  background-image: url(https:\/\/dackdirekt.se\/wp-content\/uploads\/2020\/02\/room-34V7TVQQFsU-unsplash-1024x669-1.jpg);\n}\n#banner-1779594774 {\n  background-color: rgb(247, 245, 244);\n}\n<\/style>\n  <\/div><!-- .banner -->\n\n\n\t<section class=\"section dark\" id=\"section_584281488\">\n\t\t<div class=\"bg section-bg fill bg-fill  \" >\n\n\t\t\t\n\t\t\t<div class=\"section-bg-overlay absolute fill\"><\/div><button class=\"scroll-for-more z-5 icon absolute bottom h-center\"><i class=\"icon-angle-down\" style=\"font-size:42px;\"><\/i><\/button>\n\t\t\t\n\n\t\t<\/div><!-- .section-bg -->\n\n\t\t<div class=\"section-content relative\">\n\t\t\t\n\n<div class=\"row align-middle\"  id=\"row-7758725\">\n\n<div class=\"col medium-8 small-12 large-5\"  ><div class=\"col-inner\"  >\n\n<h6 class=\"uppercase\">V\u00e4lkommen till<\/h6>\n<h1 style=\"font-size: 350%; line-height: 100%;\">D\u00e4ck Direkt i \u00c5kersberga<\/h1>\n<p>Vi \u00e4r en del av Superd\u00e4ck-kedjan. En av nordens st\u00f6rsta d\u00e4ckkedjor.<\/p>\n<h3>D\u00e4ckskifte fr\u00e5n 399:-<\/h3>\n\t<div id=\"gap-264560359\" class=\"gap-element clearfix\" style=\"display:block; height:auto;\">\n\t\t\n<style scope=\"scope\">\n\n#gap-264560359 {\n  padding-top: 5px;\n}\n<\/style>\n\t<\/div>\n\t\n\n<div class=\"row row-collapse\"  id=\"row-177997386\">\n\n<div class=\"col medium-6 small-12 large-6\"  ><div class=\"col-inner\"  >\n\n<a href=\"https:\/\/boka.se\/dackdirekt\/info\" target=\"_self\" class=\"button secondary is-large lowercase expand\"  style=\"border-radius:4px;\">\n  <i class=\"icon-shopping-cart\" ><\/i>  <span>Boka Direkt<\/span>\n  <\/a>\n\n\n\n<\/div><\/div>\n<div class=\"col medium-6 small-12 large-6\"  ><div class=\"col-inner\"  >\n\n<a href=\"#hjulskifte\" target=\"_self\" class=\"button white is-large lowercase expand\"  style=\"border-radius:4px;\">\n    <span>L\u00e4s mer<\/span>\n  <i class=\"icon-angle-down\" ><\/i><\/a>\n\n\n\n<\/div><\/div>\n\n\n<style scope=\"scope\">\n\n#row-177997386 > .col > .col-inner {\n  padding: 0px 5px 0px 5px;\n}\n<\/style>\n<\/div>\n\n<\/div><\/div>\n\n\n<style scope=\"scope\">\n\n<\/style>\n<\/div>\n\n\t\t<\/div><!-- .section-content -->\n\n\t\t\n<style scope=\"scope\">\n\n#section_584281488 {\n  padding-top: 60px;\n  padding-bottom: 60px;\n  min-height: 600px;\n  background-color: rgb(247, 245, 244);\n}\n#section_584281488 .section-bg-overlay {\n  background-color: rgb(45, 78, 103);\n}\n#section_584281488 .section-bg.bg-loaded {\n  background-image: url(https:\/\/dackdirekt.se\/wp-content\/uploads\/2020\/02\/dack01.jpg);\n}\n#section_584281488 .section-bg {\n  background-position: 66% 65%;\n}\n\n\n@media (min-width:550px) {\n\n  #section_584281488 .section-bg-overlay {\n    background-color: rgba(0, 0, 0, 0.5);\n  }\n\n}\n\n\n@media (min-width:850px) {\n\n  #section_584281488 .section-bg-overlay {\n    background-color: rgba(0, 0, 0, 0.5);\n  }\n\n}\n<\/style>\n\t<\/section>\n\t\n<span class=\"scroll-to\" data-label=\"Scroll to: #tjanster\" data-bullet=\"true\" data-link=\"#tjanster\" data-title=\"Tj\u00e4nster\"><a name=\"tjanster\"><\/a><\/span>\n\n\t<section class=\"section\" id=\"section_2072631107\">\n\t\t<div class=\"bg section-bg fill bg-fill  bg-loaded\" >\n\n\t\t\t\n\t\t\t\n\t\t\t\n\n\t\t<\/div><!-- .section-bg -->\n\n\t\t<div class=\"section-content relative\">\n\t\t\t\n\n<div class=\"row\"  id=\"row-493191842\">\n\n<div class=\"col medium-6 small-12 large-6\"  ><div class=\"col-inner\"  >\n\n<h3 style=\"font-size: 30px;\"><strong>Hos oss kan du:<\/strong><\/h3>\n<ul>\n<li><strong>Skifta d\u00e4ck i v\u00e5r verkstad.<\/strong><\/li>\n<li><strong>K\u00f6pa d\u00e4ck och f\u00e4lg direkt fr\u00e5n v\u00e5rt lager<\/strong><\/li>\n<li><strong>Montering av d\u00e4ck<\/strong><\/li>\n<li><strong>F\u00e5 dina d\u00e4ck tv\u00e4ttade i v\u00e5r hjultv\u00e4tt-maskin<\/strong><\/li>\n<li><strong>F\u00f6rvara dina d\u00e4ck p\u00e5 v\u00e5rt d\u00e4ckhotell<\/strong><\/li>\n<li><strong>Mekaniker tj\u00e4nster<br \/><\/strong>&#8211; Bromsar, service<\/li>\n<\/ul>\n\n<\/div><\/div>\n<div class=\"col medium-6 small-12 large-6\"  ><div class=\"col-inner text-center\"  >\n\n<a href=\"https:\/\/boka.se\/dackdirekt\/info\" target=\"_self\" class=\"button primary is-large\"  style=\"border-radius:4px;\">\n    <span>Boka d\u00e4ckskifte online<\/span>\n  <\/a>\n\n\n\n\t<script type=\"text\/javascript\">\n  jQuery( document ).ready(function() {\n    function initialize() {\n        var styles = {\n            'flatsome':  [{\n            \"featureType\": \"administrative\",\n            \"stylers\": [\n              { \"visibility\": \"on\" }\n            ]\n          },\n          {\n            \"featureType\": \"road\",\n            \"stylers\": [\n              { \"visibility\": \"on\" },\n              { \"hue\": \"\" }\n            ]\n          },\n          {\n            \"stylers\": [\n\t\t\t  { \"visibility\": \"on\" },\n\t\t\t  { \"hue\": \"\" },\n\t\t\t  { \"saturation\": -30 }\n            ]\n          }\n        ]};\n\n        var myLatlng = new google.maps.LatLng(59.4789, 18.28722);\n        var myOptions = {\n            zoom: 13,\n            center: myLatlng,\n            mapTypeId: google.maps.MapTypeId.ROADMAP,\n            disableDefaultUI: true,\n            mapTypeId: 'flatsome',\n            draggable: true,\n            zoomControl: false,\n            zoomControlOptions: {\n              position: google.maps.ControlPosition.TOP_LEFT\n            },\n      \t\t\t\/\/ panControl: false,\n            \/\/ panControlOptions: {\n            \/\/   position: google.maps.ControlPosition.TOP_LEFT\n            \/\/ },\n      \t\t\tmapTypeControl: false,\n            mapTypeControlOptions: {\n              position: google.maps.ControlPosition.TOP_LEFT\n            },\n      \t\t\t\/\/ scaleControl: false,\n            \/\/ scaleControlOptions: {\n            \/\/   position: google.maps.ControlPosition.TOP_LEFT\n            \/\/ },\n      \t\t\tstreetViewControl: false,\n            streetViewControlOptions: {\n              position: google.maps.ControlPosition.TOP_LEFT\n            },\n      \t\t\t\/\/ overviewMapControl: false,\n            \/\/ overviewMapControlOptions: {\n            \/\/   position: google.maps.ControlPosition.TOP_LEFT\n            \/\/ },\n            scrollwheel: false,\n            disableDoubleClickZoom: true\n        }\n        var map = new google.maps.Map(document.getElementById(\"map-611176996-inner\"), myOptions);\n        var styledMapType = new google.maps.StyledMapType(styles['flatsome'], {name: 'flatsome'});\n        map.mapTypes.set('flatsome', styledMapType);\n\n        var marker = new google.maps.Marker({\n            position: myLatlng,\n            map: map,\n            title:\"\"\n        });\n    }\n\n    \/\/ Required to proceed\n    if (!(typeof google === 'object' && typeof google.maps === 'object')) {\n      return\n    }\n\n    google.maps.event.addDomListener(window, 'load', initialize);\n    google.maps.event.addDomListener(window, 'resize', initialize);\n    });\n    <\/script>\n\n    <div class=\"google-map relative mb\" id=\"map-611176996\">\n        <div class=\"map-height\" id=\"map-611176996-inner\"><\/div>\n        <div id=\"map_overlay_top\"><\/div>\n        <div id=\"map_overlay_bottom\"><\/div>\n         \n       \n<style scope=\"scope\">\n\n#map-611176996 .map-inner {\n  background-color: #fff;\n  max-width: 100%;\n}\n#map-611176996 .map-height {\n  height: 180px;\n}\n\n\n@media (min-width:550px) {\n\n  #map-611176996 .map-inner {\n    max-width: 40%;\n  }\n\n}\n\n\n@media (min-width:850px) {\n\n  #map-611176996 .map-inner {\n    max-width: 0%;\n  }\n\n}\n<\/style>\n    <\/div><!-- .map -->\n\n\t\n<script>\r\n\tvar _bws = _bws || [];\r\n\t_bws['d'] = 'a'; _bws['k'] = 'Dackdirekt';\r\n\t(function() {\r\n\t\tvar bw = document.createElement('script');\r\n\t\tbw.async = true; bw.type = 'text\/javascript';\r\n\t\tbw.src = 'https:\/\/widget.boka.se\/widget.min.js';\r\n\t\tvar bs = document.getElementsByTagName('script')[0];\r\n\t\tbs.parentNode.insertBefore(bw, bs);\r\n\t})();\r\n<\/script>\n\n\n<\/div><\/div>\n\n<\/div>\n\n\t\t<\/div><!-- .section-content -->\n\n\t\t\n<style scope=\"scope\">\n\n#section_2072631107 {\n  padding-top: 60px;\n  padding-bottom: 60px;\n  background-color: rgb(247, 245, 244);\n}\n<\/style>\n\t<\/section>\n\t\n<span class=\"scroll-to\" data-label=\"Scroll to: #hjulskifte\" data-bullet=\"true\" data-link=\"#hjulskifte\" data-title=\"Hjulskifte\"><a name=\"hjulskifte\"><\/a><\/span>\n\n\t<section class=\"section\" id=\"section_1927550255\">\n\t\t<div class=\"bg section-bg fill bg-fill  bg-loaded\" >\n\n\t\t\t\n\t\t\t\n\t\t\t\n\n\t\t<\/div><!-- .section-bg -->\n\n\t\t<div class=\"section-content relative\">\n\t\t\t\n\n<div class=\"row row-large\"  id=\"row-90154015\">\n\n<div class=\"col medium-6 small-12 large-6\"  ><div class=\"col-inner\"  >\n\n<h6 class=\"uppercase secondary-color\">Verkstad<\/h6>\n<h1>Hjulskifte i v\u00e5r verkstad<\/h1>\n<p><strong>F\u00f6ljande ing\u00e5r:<\/strong><br \/><strong>&#8211; Hjulskifte<\/strong><br \/><strong>&#8211; Kontroll av lufttryck<\/strong><br \/><strong>&#8211; Kontroll av m\u00f6nsterdjup<\/strong><br \/><strong>&#8211; Uppm\u00e4rkning av d\u00e4ck<\/strong><br \/><strong>&#8211; Boka tid i v\u00e5r verkstad<br \/>&#8211; Boka online eller ring<\/strong><\/p>\n<p>\u00a0<\/p>\n<div class=\"pricing-table-wrapper dark\">\n  <div class=\"pricing-table ux_price_table text-center box-shadow-3-hover featured-table\">\n    <div class=\"pricing-table-header\">\n      <div class=\"title uppercase strong\">Hjulskifte i verkstad<\/div>\n      <div class=\"price is-xxlarge\">$99.99<\/div>\n              <div class=\"description is-small\">\n          Boka online eller ring.        <\/div>\n          <\/div>\n    <div class=\"pricing-table-items items\">\n      \n\n<p style=\"font-size: 20px;\">Personbil, SUV &#038; l\u00e4tt lastbil<\/P><\/p>\n\n    <\/div>\n      <\/div>\n<\/div>\n\n\n\n<\/div><\/div>\n<div class=\"col medium-6 small-12 large-6\"  ><div class=\"col-inner\"  >\n\n<h6 class=\"uppercase secondary-color\">Verkstad<\/h6>\n<h1>Bilservice<\/h1>\n<p>Alla typer av service:<br \/>&#8211; Oljor och oljebyten<br \/>&#8211; Batterier<br \/>&#8211; Avgassystem<br \/>&#8211; St\u00f6td\u00e4mpare och fj\u00e4der<br \/>&#8211; Bromsar <br \/>&#8211; Beskattnings\u00e5tg\u00e4rder<\/p>\n<p>&nbsp;<\/p>\n<div class=\"pricing-table-wrapper dark\">\n  <div class=\"pricing-table ux_price_table text-center box-shadow-3-hover featured-table\">\n    <div class=\"pricing-table-header\">\n      <div class=\"title uppercase strong\">Bilservice<\/div>\n      <div class=\"price is-xxlarge\">$99.99<\/div>\n              <div class=\"description is-small\">\n          Boka online eller ring.        <\/div>\n          <\/div>\n    <div class=\"pricing-table-items items\">\n      \n\n<p style=\"font-size: 20px;\">Grundservice fr\u00e5n 1695:-<\/p>\n\n    <\/div>\n      <\/div>\n<\/div>\n\n\n\n<\/div><\/div>\n\n\n<style scope=\"scope\">\n\n<\/style>\n<\/div>\n\n\t\t<\/div><!-- .section-content -->\n\n\t\t\n<style scope=\"scope\">\n\n#section_1927550255 {\n  padding-top: 25px;\n  padding-bottom: 25px;\n}\n\n\n@media (min-width:550px) {\n\n  #section_1927550255 {\n    padding-top: 50px;\n    padding-bottom: 50px;\n  }\n\n}\n<\/style>\n\t<\/section>\n\t\n\n<span class=\"scroll-to\" data-label=\"Scroll to: #dackforvaring\" data-bullet=\"true\" data-link=\"#dackforvaring\" data-title=\"D\u00e4ckf\u00f6rvaring\"><a name=\"dackforvaring\"><\/a><\/span>\n\n\t<section class=\"section\" id=\"section_2110330851\">\n\t\t<div class=\"bg section-bg fill bg-fill  bg-loaded\" >\n\n\t\t\t\n\t\t\t\n\t\t\t\n\n\t\t<\/div><!-- .section-bg -->\n\n\t\t<div class=\"section-content relative\">\n\t\t\t\n\n<div class=\"row row-collapse row-full-width align-middle\"  id=\"row-433468537\">\n\n<div class=\"col medium-6 small-12 large-6\"  ><div class=\"col-inner\"  >\n\n\n  <div class=\"banner has-hover\" id=\"banner-1482523696\">\n          <div class=\"banner-inner fill\">\n        <div class=\"banner-bg fill\" >\n            <div class=\"bg fill bg-fill \"><\/div>\n                                    \n                    <\/div><!-- bg-layers -->\n        <div class=\"banner-layers container\">\n            <div class=\"fill banner-link\"><\/div>            \n\n\n        <\/div><!-- .banner-layers -->\n      <\/div><!-- .banner-inner -->\n\n            \n<style scope=\"scope\">\n\n#banner-1482523696 {\n  padding-top: 650px;\n  background-color: rgb(247, 245, 244);\n}\n#banner-1482523696 .bg.bg-loaded {\n  background-image: url(https:\/\/dackdirekt.se\/wp-content\/uploads\/2020\/02\/dackdirekt-533x800.jpg);\n}\n\n\n@media (min-width:550px) {\n\n  #banner-1482523696 {\n    padding-top: 450px;\n  }\n\n}\n\n\n@media (min-width:850px) {\n\n  #banner-1482523696 {\n    padding-top: 650px;\n  }\n\n}\n<\/style>\n  <\/div><!-- .banner -->\n\n\n\n<\/div><\/div>\n<div class=\"col medium-6 small-12 large-6\"  ><div class=\"col-inner\" style=\"padding:80px 15px 80px 15px;\" >\n\n<h6 class=\"uppercase primary-color\">F\u00f6rvaring<\/h6>\n<h2>D\u00e4ckhotell<\/h2>\n<p>D\u00e4ckhotell \u00e4r alternativet f\u00f6r dig som tr\u00f6ttnat p\u00e5 att ha smutsiga bild\u00e4ck i f\u00f6rr\u00e5det. Checka in dina d\u00e4ck i v\u00e5rt moderna d\u00e4ckhotell.<\/p>\n<p>Detta ing\u00e5r:<br \/>\n&#8211; Hjulskifte<br \/>\n&#8211; Kontroll av balansering, lufttryck &amp; m\u00f6nsterdjup<br \/>\n&#8211; Uppm\u00e4rkning av dina d\u00e4ck<br \/>\n&#8211; F\u00f6rs\u00e4kring<\/p>\n\n<h2>Pris per s\u00e4song: 990:-<\/h2>\n<p>Hjultv\u00e4tt: 200:-<\/p>\n<a href=\"https:\/\/boka.se\/dackdirekt\/info\" target=\"_self\" class=\"button primary\"  style=\"border-radius:4px;\">\n    <span>Boka d\u00e4ckhotell<\/span>\n  <\/a>\n\n\n\n<\/div><\/div>\n\n\n<style scope=\"scope\">\n\n<\/style>\n<\/div>\n\n\t\t<\/div><!-- .section-content -->\n\n\t\t\n<style scope=\"scope\">\n\n#section_2110330851 {\n  padding-top: 0px;\n  padding-bottom: 0px;\n  background-color: rgb(247, 245, 244);\n}\n<\/style>\n\t<\/section>\n\t\n<span class=\"scroll-to\" data-label=\"Scroll to: #kopa-dack\" data-bullet=\"true\" data-link=\"#kopa-dack\" data-title=\"K\u00f6pa D\u00e4ck\"><a name=\"kopa-dack\"><\/a><\/span>\n\n\t<section class=\"section\" id=\"section_2035414517\">\n\t\t<div class=\"bg section-bg fill bg-fill  bg-loaded\" >\n\n\t\t\t\n\t\t\t\n\t\t\t\n\n\t\t<\/div><!-- .section-bg -->\n\n\t\t<div class=\"section-content relative\">\n\t\t\t\n\n<div class=\"row\"  id=\"row-863575343\">\n\n<div class=\"col small-12 large-12\"  ><div class=\"col-inner text-center\" style=\"padding:40px 0px 0px 0px;\" >\n\n<div class=\"row row-collapse\"  id=\"row-1353064709\">\n\n<div class=\"col medium-10 small-12 large-10\"  ><div class=\"col-inner\" style=\"padding:0px 0px 20px 0px;\" >\n\n<h6 class=\"uppercase secondary-color\">Monterat och klart p\u00e5 din bil<\/h6>\n<h2 style=\"font-size: 220%;\">K\u00f6p d\u00e4ck<\/h2>\n<div dir=\"auto\">Kom f\u00f6rbi v\u00e5r verkstad och butik p\u00e5 S\u00e5gv\u00e4gen 7b i \u00c5kersberga. Vi har alltid ett stort s\u00e4songslager med d\u00e4ck till fantastiska priser. Prislistan \u00e4r bara ett urval av vad som finns hos oss. Alla priser \u00e4r inklusive moms och monterat och klart p\u00e5 din bil.<\/div>\n<div dir=\"auto\">&nbsp;<\/div>\n<div dir=\"auto\">D\u00e4ck direkt \u00e4r en del av SuperD\u00e4ck-kedjan. En av nordens st\u00f6rsta d\u00e4ckkedjor. Klicka p\u00e5 l\u00e4nken nedan, s\u00e5 kommer du direkt till v\u00e5r Internetbutik hos Superd\u00e4ck.<\/div>\n<div dir=\"auto\">&nbsp;<\/div>\n<a rel=\"noopener noreferrer\" href=\"http:\/\/dackdirekt.superdack.se\/\" target=\"_blank\" class=\"button primary\"  style=\"border-radius:4px;\">\n    <span>Till Butiken<\/span>\n  <\/a>\n\n\n\t<div id=\"gap-1330086941\" class=\"gap-element clearfix\" style=\"display:block; height:auto;\">\n\t\t\n<style scope=\"scope\">\n\n#gap-1330086941 {\n  padding-top: 30px;\n}\n<\/style>\n\t<\/div>\n\t\n\n<div class=\"adn ads\" data-message-id=\"#msg-f:1659068247538648397\" data-legacy-message-id=\"170631c7f0abc54d\">\n<div class=\"gs\">\n<div class=\"\">\n<div id=\":1ab\" class=\"ii gt\">\n<div id=\":1aa\" class=\"a3s aXjCH \">\n<div dir=\"auto\">\n<div dir=\"auto\" style=\"text-align: center;\"><strong>Du kan s\u00f6ka efter passande d\u00e4ck och f\u00e4lg via din bils registreringsnummer. S\u00e5 h\u00e4r funkar v\u00e5r butik p\u00e5 n\u00e4tet hos Superd\u00e4ck:<\/strong> <br \/>1. V\u00e4lj d\u00e4ck eller f\u00e4lg och dimension genom att s\u00f6ka via din bils registreringsnummer. <br \/>2. Best\u00e4ll p\u00e5 n\u00e4tet. <br \/>3. D\u00e4cken eller f\u00e4lgarna kommer till v\u00e5r butik i \u00c5kersberga oftast dagen efter. <br \/>4. Vi kontaktar dig f\u00f6r tidsbokning.<br \/>5. Vi monterar dina d\u00e4ck i v\u00e5r verkstad.<br \/>6. Du betalar med kort eller Swish i butik n\u00e4r d\u00e4cken sitter p\u00e5 din bil. <br \/>7. Via Superd\u00e4ck kortet finns \u00e4ven delbetalning via Resurs Bank.<\/div>\n<\/div>\n<\/div>\n<\/div>\n<\/div>\n<\/div>\n<\/div>\n\n<\/div><\/div>\n\n\n<style scope=\"scope\">\n\n<\/style>\n<\/div>\n\n<\/div><\/div>\n\n<\/div>\n\n\t\t<\/div><!-- .section-content -->\n\n\t\t\n<style scope=\"scope\">\n\n#section_2035414517 {\n  padding-top: 80px;\n  padding-bottom: 80px;\n}\n<\/style>\n\t<\/section>\n\t\n\t<section class=\"section\" id=\"section_1134933023\">\n\t\t<div class=\"bg section-bg fill bg-fill  bg-loaded\" >\n\n\t\t\t\n\t\t\t\n\t\t\t\n\n\t\t<\/div><!-- .section-bg -->\n\n\t\t<div class=\"section-content relative\">\n\t\t\t\n\n<div class=\"row align-middle\"  id=\"row-82396465\">\n\n<div class=\"col medium-4 small-12 large-4\"  ><div class=\"col-inner\"  >\n\n\t<div class=\"img has-hover x md-x lg-x y md-y lg-y\" id=\"image_2098270893\">\n\t\t\t\t\t\t\t\t<div class=\"img-inner dark\" >\n\t\t\t<img width=\"786\" height=\"154\" src=\"https:\/\/dackdirekt.se\/wp-content\/uploads\/2020\/02\/continental.png\" class=\"attachment-large size-large\" alt=\"\" decoding=\"async\" loading=\"lazy\" srcset=\"https:\/\/dackdirekt.se\/wp-content\/uploads\/2020\/02\/continental.png 786w, https:\/\/dackdirekt.se\/wp-content\/uploads\/2020\/02\/continental-510x100.png 510w, https:\/\/dackdirekt.se\/wp-content\/uploads\/2020\/02\/continental-768x150.png 768w, https:\/\/dackdirekt.se\/wp-content\/uploads\/2020\/02\/continental-600x118.png 600w\" sizes=\"(max-width: 786px) 100vw, 786px\" \/>\t\t\t\t\t\t\n\t\t\t\t\t<\/div>\n\t\t\t\t\t\t\t\t\n<style scope=\"scope\">\n\n#image_2098270893 {\n  width: 100%;\n}\n<\/style>\n\t<\/div>\n\t\n\n\n<\/div><\/div>\n<div class=\"col medium-4 small-12 large-4\"  ><div class=\"col-inner text-center\"  >\n\n\t<div class=\"img has-hover x md-x lg-x y md-y lg-y\" id=\"image_887860939\">\n\t\t\t\t\t\t\t\t<div class=\"img-inner dark\" >\n\t\t\t<img width=\"1020\" height=\"185\" src=\"https:\/\/dackdirekt.se\/wp-content\/uploads\/2020\/02\/hangkok-1400x254.png\" class=\"attachment-large size-large\" alt=\"\" decoding=\"async\" loading=\"lazy\" srcset=\"https:\/\/dackdirekt.se\/wp-content\/uploads\/2020\/02\/hangkok-1400x254.png 1400w, https:\/\/dackdirekt.se\/wp-content\/uploads\/2020\/02\/hangkok-510x93.png 510w, https:\/\/dackdirekt.se\/wp-content\/uploads\/2020\/02\/hangkok-800x145.png 800w, https:\/\/dackdirekt.se\/wp-content\/uploads\/2020\/02\/hangkok-768x139.png 768w, https:\/\/dackdirekt.se\/wp-content\/uploads\/2020\/02\/hangkok-1536x279.png 1536w, https:\/\/dackdirekt.se\/wp-content\/uploads\/2020\/02\/hangkok-2048x372.png 2048w, https:\/\/dackdirekt.se\/wp-content\/uploads\/2020\/02\/hangkok-600x109.png 600w\" sizes=\"(max-width: 1020px) 100vw, 1020px\" \/>\t\t\t\t\t\t\n\t\t\t\t\t<\/div>\n\t\t\t\t\t\t\t\t\n<style scope=\"scope\">\n\n#image_887860939 {\n  width: 100%;\n}\n<\/style>\n\t<\/div>\n\t\n\n\n<\/div><\/div>\n<div class=\"col medium-4 small-12 large-4\"  ><div class=\"col-inner\"  >\n\n\t<div class=\"img has-hover x md-x lg-x y md-y lg-y\" id=\"image_1740165433\">\n\t\t\t\t\t\t\t\t<div class=\"img-inner dark\" >\n\t\t\t<img width=\"1020\" height=\"248\" src=\"https:\/\/dackdirekt.se\/wp-content\/uploads\/2020\/02\/toyo-logostatement-low-resolution-1400x340.jpg\" class=\"attachment-large size-large\" alt=\"\" decoding=\"async\" loading=\"lazy\" srcset=\"https:\/\/dackdirekt.se\/wp-content\/uploads\/2020\/02\/toyo-logostatement-low-resolution-1400x340.jpg 1400w, https:\/\/dackdirekt.se\/wp-content\/uploads\/2020\/02\/toyo-logostatement-low-resolution-510x124.jpg 510w, https:\/\/dackdirekt.se\/wp-content\/uploads\/2020\/02\/toyo-logostatement-low-resolution-800x194.jpg 800w, https:\/\/dackdirekt.se\/wp-content\/uploads\/2020\/02\/toyo-logostatement-low-resolution-768x187.jpg 768w, https:\/\/dackdirekt.se\/wp-content\/uploads\/2020\/02\/toyo-logostatement-low-resolution-1536x373.jpg 1536w, https:\/\/dackdirekt.se\/wp-content\/uploads\/2020\/02\/toyo-logostatement-low-resolution-600x146.jpg 600w, https:\/\/dackdirekt.se\/wp-content\/uploads\/2020\/02\/toyo-logostatement-low-resolution.jpg 2042w\" sizes=\"(max-width: 1020px) 100vw, 1020px\" \/>\t\t\t\t\t\t\n\t\t\t\t\t<\/div>\n\t\t\t\t\t\t\t\t\n<style scope=\"scope\">\n\n#image_1740165433 {\n  width: 100%;\n}\n<\/style>\n\t<\/div>\n\t\n\n\n<\/div><\/div>\n<div class=\"col medium-4 small-12 large-4\"  ><div class=\"col-inner\"  >\n\n\t<div class=\"img has-hover x md-x lg-x y md-y lg-y\" id=\"image_1914680245\">\n\t\t\t\t\t\t\t\t<div class=\"img-inner dark\" >\n\t\t\t<img width=\"315\" height=\"96\" src=\"https:\/\/dackdirekt.se\/wp-content\/uploads\/2020\/02\/nokian-logo.jpg\" class=\"attachment-large size-large\" alt=\"\" decoding=\"async\" loading=\"lazy\" \/>\t\t\t\t\t\t\n\t\t\t\t\t<\/div>\n\t\t\t\t\t\t\t\t\n<style scope=\"scope\">\n\n#image_1914680245 {\n  width: 100%;\n}\n<\/style>\n\t<\/div>\n\t\n\n\n<\/div><\/div>\n<div class=\"col medium-4 small-12 large-4\"  ><div class=\"col-inner\"  >\n\n\t<div class=\"img has-hover x md-x lg-x y md-y lg-y\" id=\"image_27422969\">\n\t\t\t\t\t\t\t\t<div class=\"img-inner dark\" >\n\t\t\t<img width=\"300\" height=\"160\" src=\"https:\/\/dackdirekt.se\/wp-content\/uploads\/2020\/02\/michelin.png\" class=\"attachment-large size-large\" alt=\"\" decoding=\"async\" loading=\"lazy\" \/>\t\t\t\t\t\t\n\t\t\t\t\t<\/div>\n\t\t\t\t\t\t\t\t\n<style scope=\"scope\">\n\n#image_27422969 {\n  width: 100%;\n}\n<\/style>\n\t<\/div>\n\t\n\n\n<\/div><\/div>\n<div class=\"col medium-4 small-12 large-4\"  ><div class=\"col-inner\"  >\n\n\n<\/div><\/div>\n\n\n<style scope=\"scope\">\n\n<\/style>\n<\/div>\n\n\t\t<\/div><!-- .section-content -->\n\n\t\t\n<style scope=\"scope\">\n\n#section_1134933023 {\n  padding-top: 30px;\n  padding-bottom: 30px;\n}\n<\/style>\n\t<\/section>\n\t\n<span class=\"scroll-to\" data-label=\"Scroll to: #kontakt\" data-bullet=\"true\" data-link=\"#kontakt\" data-title=\"Kontakt\"><a name=\"kontakt\"><\/a><\/span>\n\n\t<section class=\"section .mobileCenter dark has-mask mask-arrow\" id=\"section_460467413\">\n\t\t<div class=\"bg section-bg fill bg-fill  bg-loaded\" >\n\n\t\t\t\n\t\t\t<div class=\"section-bg-overlay absolute fill\"><\/div>\n\t\t\t\n\t<div class=\"is-border\"\n\t\tstyle=\"border-color:rgb(235, 235, 235);border-width:1px 0px 0px 0px;\">\n\t<\/div>\n\n\t\t<\/div><!-- .section-bg -->\n\n\t\t<div class=\"section-content relative\">\n\t\t\t\n\n<div class=\"row\"  id=\"row-1954480968\">\n\n<div class=\"col medium-4 small-12 large-4\"  ><div class=\"col-inner text-shadow-2\"  >\n\n<p>&nbsp;<\/p>\n<h2 class=\"uppercase\">KONTAKT<\/h2>\n<p><a href=\"tel:073 67 052 14\">073 67 052 14<\/a><br \/><a href=\"tel:08-56 277 997\">08-56 277 997<\/a><br \/><a href=\"mailto:info@dackdirekt.se\">info@dackdirekt.se<\/a><\/p>\n\n<\/div><\/div>\n<div class=\"col medium-4 small-12 large-4\"  ><div class=\"col-inner text-shadow-2\"  >\n\n<p>&nbsp;<\/p>\n<h2 class=\"uppercase\">VERKSTAD<\/h2>\n<p>S\u00e5gv\u00e4gen 7b<br \/>\u00c5kersberga<\/p>\n\n<\/div><\/div>\n<div class=\"col medium-4 small-12 large-4\"  ><div class=\"col-inner text-shadow-2\"  >\n\n<p>\u00a0<\/p>\n<h2 class=\"uppercase\">\u00d6ppettider<\/h2>\n<p>M\u00e5ndag \u2013 Fredag 08:00 \u2013 17:00<br \/>L\u00f6rdag \u2013 10:00 \u2013 16:00<br \/>S\u00f6ndag &#8211; St\u00e4ngd<\/p>\n\n<\/div><\/div>\n\n<\/div>\n\n\t\t<\/div><!-- .section-content -->\n\n\t\t\n<style scope=\"scope\">\n\n#section_460467413 {\n  padding-top: 59px;\n  padding-bottom: 59px;\n  min-height: 300px;\n  background-color: rgb(27, 134, 231);\n}\n#section_460467413 .section-bg-overlay {\n  background-color: rgba(0, 0, 0, 0.4);\n}\n<\/style>\n\t<\/section>\n\t\n\n","protected":false},"excerpt":{"rendered":"","protected":false},"author":1,"featured_media":0,"parent":0,"menu_order":0,"comment_status":"closed","ping_status":"closed","template":"page-blank.php","meta":[],"_links":{"self":[{"href":"https:\/\/dackdirekt.se\/index.php?rest_route=\/wp\/v2\/pages\/438"}],"collection":[{"href":"https:\/\/dackdirekt.se\/index.php?rest_route=\/wp\/v2\/pages"}],"about":[{"href":"https:\/\/dackdirekt.se\/index.php?rest_route=\/wp\/v2\/types\/page"}],"author":[{"embeddable":true,"href":"https:\/\/dackdirekt.se\/index.php?rest_route=\/wp\/v2\/users\/1"}],"replies":[{"embeddable":true,"href":"https:\/\/dackdirekt.se\/index.php?rest_route=%2Fwp%2Fv2%2Fcomments&post=438"}],"version-history":[{"count":62,"href":"https:\/\/dackdirekt.se\/index.php?rest_route=\/wp\/v2\/pages\/438\/revisions"}],"predecessor-version":[{"id":639,"href":"https:\/\/dackdirekt.se\/index.php?rest_route=\/wp\/v2\/pages\/438\/revisions\/639"}],"wp:attachment":[{"href":"https:\/\/dackdirekt.se\/index.php?rest_route=%2Fwp%2Fv2%2Fmedia&parent=438"}],"curies":[{"name":"wp","href":"https:\/\/api.w.org\/{rel}","templated":true}]}}